{"id":21,"date":"2024-12-17T15:05:43","date_gmt":"2024-12-17T14:05:43","guid":{"rendered":"http:\/\/mobilite.agire-cucm.fr\/?page_id=21"},"modified":"2024-12-30T11:55:42","modified_gmt":"2024-12-30T10:55:42","slug":"thematiques","status":"publish","type":"page","link":"https:\/\/mobilite.agire-cucm.fr\/index.php\/thematiques\/","title":{"rendered":"LES THEMATIQUES"},"content":{"rendered":"\n<ul class=\"wp-block-list\">\n<li class=\"has-medium-font-size\"><a href=\"http:\/\/mobilite.agire-cucm.fr\/index.php\/thematiques\/signalisation\/\" data-type=\"page\" data-id=\"41\">L&rsquo;environnement<\/a><\/li>\n\n\n\n<li class=\"has-medium-font-size\"><a href=\"http:\/\/mobilite.agire-cucm.fr\/index.php\/thematiques\/tunnels-et-signalisation\/\" data-type=\"page\" data-id=\"43\">Les premiers secours<\/a><\/li>\n\n\n\n<li class=\"has-medium-font-size\"><a href=\"http:\/\/mobilite.agire-cucm.fr\/index.php\/thematiques\/usagers-partage-de-lespace-public\/\" data-type=\"page\" data-id=\"54\">Le conducteur<\/a><\/li>\n\n\n\n<li class=\"has-medium-font-size\"><a href=\"http:\/\/mobilite.agire-cucm.fr\/index.php\/thematiques\/prise-de-conscience-des-risques\/\" data-type=\"page\" data-id=\"56\">La r\u00e9glementation g\u00e9n\u00e9rale et divers<\/a><\/li>\n\n\n\n<li class=\"has-medium-font-size\"><a href=\"http:\/\/mobilite.agire-cucm.fr\/index.php\/thematiques\/arret-et-stationnement\/\" data-type=\"page\" data-id=\"24\">La circulation routi\u00e8re<\/a><\/li>\n\n\n\n<li class=\"has-medium-font-size\"><a href=\"http:\/\/mobilite.agire-cucm.fr\/index.php\/thematiques\/economie-et-ecoconduite\/\" data-type=\"page\" data-id=\"28\">La m\u00e9canique et les \u00e9quipements<\/a><\/li>\n\n\n\n<li class=\"has-medium-font-size\"><a href=\"http:\/\/mobilite.agire-cucm.fr\/index.php\/thematiques\/regles-de-circulation\/\" data-type=\"page\" data-id=\"39\">Prendre et quitter son v\u00e9hicule<\/a><\/li>\n\n\n\n<li class=\"has-medium-font-size\"><a href=\"http:\/\/mobilite.agire-cucm.fr\/index.php\/thematiques\/croisement-et-depassement\/\" data-type=\"page\" data-id=\"26\">La route<\/a><\/li>\n\n\n\n<li class=\"has-medium-font-size\"><a href=\"http:\/\/mobilite.agire-cucm.fr\/index.php\/thematiques\/regles-de-priorite\/\" data-type=\"page\" data-id=\"37\">La s\u00e9curit\u00e9 du v\u00e9hicule et du passager<\/a><\/li>\n\n\n\n<li class=\"has-medium-font-size\"><a href=\"http:\/\/mobilite.agire-cucm.fr\/index.php\/thematiques\/visibilite-et-eclairage\/\" data-type=\"page\" data-id=\"52\">Les autres usagers<\/a><\/li>\n<\/ul>\n\n\n\n<p><\/p>\n","protected":false},"excerpt":{"rendered":"","protected":false},"author":2,"featured_media":0,"parent":0,"menu_order":0,"comment_status":"closed","ping_status":"closed","template":"","meta":{"colormag_page_layout":"default_layout","footnotes":""},"class_list":["post-21","page","type-page","status-publish","hentry"],"_links":{"self":[{"href":"https:\/\/mobilite.agire-cucm.fr\/index.php\/wp-json\/wp\/v2\/pages\/21","targetHints":{"allow":["GET"]}}],"collection":[{"href":"https:\/\/mobilite.agire-cucm.fr\/index.php\/wp-json\/wp\/v2\/pages"}],"about":[{"href":"https:\/\/mobilite.agire-cucm.fr\/index.php\/wp-json\/wp\/v2\/types\/page"}],"author":[{"embeddable":true,"href":"https:\/\/mobilite.agire-cucm.fr\/index.php\/wp-json\/wp\/v2\/users\/2"}],"replies":[{"embeddable":true,"href":"https:\/\/mobilite.agire-cucm.fr\/index.php\/wp-json\/wp\/v2\/comments?post=21"}],"version-history":[{"count":4,"href":"https:\/\/mobilite.agire-cucm.fr\/index.php\/wp-json\/wp\/v2\/pages\/21\/revisions"}],"predecessor-version":[{"id":371,"href":"https:\/\/mobilite.agire-cucm.fr\/index.php\/wp-json\/wp\/v2\/pages\/21\/revisions\/371"}],"wp:attachment":[{"href":"https:\/\/mobilite.agire-cucm.fr\/index.php\/wp-json\/wp\/v2\/media?parent=21"}],"curies":[{"name":"wp","href":"https:\/\/api.w.org\/{rel}","templated":true}]}}